{"id":8461,"date":"2025-06-23T17:03:43","date_gmt":"2025-06-23T17:03:43","guid":{"rendered":"https:\/\/www.coloradodrivers.coop\/?page_id=8461"},"modified":"2025-11-15T07:04:01","modified_gmt":"2025-11-15T07:04:01","slug":"company","status":"publish","type":"page","link":"https:\/\/www.coloradodrivers.coop\/es\/blog\/company\/","title":{"rendered":"Noticias de la Cooperativa de Conductores de Colorado"},"content":{"rendered":"<div class=\"brz-root__container brz-reset-all brz brz-root__container-page\">\n<section id=\"47f0bcc6a36beae88a6f_mbvvBIacXMEG\" class=\"brz-section brz-css-v1kkof brz-css-12m92gx\">\n<div class=\"brz-section__content brz-section--fullWidth brz-css-19kscez brz-css-x5ffvf\" data-brz-custom-id=\"oe33RJc8k3y2\">\n<div class=\"brz-bg\">\n<div class=\"brz-bg-image\"><\/div>\n<\/div>\n<div class=\"brz-container brz-css-c64ung brz-css-d63sei\">\n<div class=\"brz-row__container brz-css-jk8dl0 brz-css-myolca\" data-brz-custom-id=\"lsj6e88ZaVQw\">\n<div class=\"brz-row brz-css-1649383 brz-css-18ij2vq brz-css-n4j524\">\n<div class=\"brz-columns brz-css-1yot70f brz-css-10m9l9u\" data-brz-custom-id=\"ztyHjyzK7clY\">\n<div class=\"brz-column__items brz-css-14y3ext brz-css-1wgj7pm\">\n<div id=\"\" class=\"brz-css-1hnc43d brz-css-11rtv1c brz-wrapper\">\n<div class=\"brz-wp-title brz-css-2f23jd brz-css-3n9uwz\" data-brz-custom-id=\"gRoyOqVtIVoR\">\n<h1 class=\"brz-wp-title-content\" style=\"min-height:20px\">Noticias de la Cooperativa de Conductores de Colorado<\/h1>\n<\/div>\n<\/div>\n<div id=\"\" class=\"brz-css-1hnc43d brz-css-c7xxoa brz-wrapper\">\n<div class=\"brz-wp-post-excerpt brz-css-13n27b5 brz-css-1a6ls8x\" data-brz-custom-id=\"vOBO4v5jqOcC\"><span class=\"brz-wp-post-excerpt-content\" style=\"min-height:20px\">Explore las \u00faltimas actualizaciones de Drivers Cooperative Colorado y vea c\u00f3mo estamos construyendo un futuro propiedad de los conductores, impulsado por la justicia, el respeto y la comunidad.<\/span><\/div>\n<\/div>\n<\/div>\n<\/div>\n<div class=\"brz-columns brz-css-1yot70f brz-css-1wvnfoe\" data-brz-custom-id=\"npwE_GtNdW_c\">\n<div class=\"brz-column__items brz-css-14y3ext brz-css-19s5gcy\">\n<div id=\"\" class=\"brz-css-1hnc43d brz-css-1az8e9s brz-wrapper\">\n<div class=\"brz-image brz-css-tpzh6z brz-css-12s8gr5\" data-brz-custom-id=\"d1dtQsXdHpOd\"><img decoding=\"async\" class=\"brz-img\" src=\"https:\/\/www.coloradodrivers.coop\/?brizy_media=wp-159bdc52b1b3d096d2049a64dda24acc.png&amp;brizy_crop=iW%3D1241%26iH%3D698%26oX%3D155%26oY%3D0%26cW%3D930%26cH%3D698\" alt=\"\" title=\"Dise\u00f1o sin t\u00edtulo (1)\" loading=\"lazy\"><\/div>\n<\/div>\n<\/div>\n<\/div>\n<\/div>\n<\/div>\n<\/div>\n<\/div>\n<\/section>\n<section id=\"8a683f4e64c84dbfc194_sJ_qCSfX0Jh1\" class=\"brz-section brz-css-v1kkof brz-css-h0w67a\">\n<div class=\"brz-section__content brz-section--fullWidth brz-css-19kscez brz-css-1ppmw26\" data-brz-custom-id=\"jhMIkx9PamUX\">\n<div class=\"brz-container brz-css-c64ung brz-css-l1uttf\">\n<div id=\"\" class=\"brz-css-1hnc43d brz-css-exaphe brz-wrapper\">\n<div class=\"brz-rich-text brz-rich-text__custom brz-css-eoxmsz brz-css-19xqsj6\" data-brz-custom-id=\"rBkO8mRSSzSr\">\n<div data-brz-translate-text=\"1\">\n<h2 data-uniq-id=\"dui8D\" data-generated-css=\"brz-css-oyvUX\" class=\"brz-tp-lg-heading2 brz-css-nsKDN\"><span class=\"brz-cp-color3\">\u00daltimas noticias<\/span><\/h2>\n<\/div>\n<\/div>\n<\/div>\n<div id=\"\" class=\"brz-css-1hnc43d brz-css-5a8l85 brz-css-ngd3j6 brz-wrapper\">\n<div class=\"brz-posts brz-css-svsb53 brz-css-1g0g9mn\" data-brz-custom-id=\"lzhxOW4v8sGP\">\n<div class=\"brz-posts__wrapper\">\n<div class=\"brz-posts__item\">\n<div class=\"brz-columns brz-css-1yot70f brz-css-ana312 brz-css-24cnfy\" data-brz-custom-id=\"tIiitMhHG0oR\">\n<div class=\"brz-column__items brz-css-14y3ext brz-css-1tkuijh\">\n<div id=\"\" class=\"brz-css-1hnc43d brz-css-1aw0290 brz-wrapper\">\n<div class=\"brz-image brz-css-5bk6q8 brz-css-7o5ojl\" data-brz-custom-id=\"nah1YnZZ2Fva\"><img decoding=\"async\" class=\"brz-img\" src=\"https:\/\/www.coloradodrivers.coop\/wp-content\/uploads\/2025\/06\/info-session-about-new-app.webp\" alt=\"Reminder: Info session for new Colorado Drivers Co-op app on June 20 at 11AM, showing app screenshots.\" title=\"sesi\u00f3n informativa sobre la nueva aplicaci\u00f3n\" loading=\"lazy\"><\/div>\n<\/div>\n<div id=\"\" class=\"brz-css-1hnc43d brz-css-pti2u brz-wrapper\">\n<div class=\"brz-wp-title brz-css-2f23jd brz-css-1tgz6ma brz-css-1q3setr\" data-brz-custom-id=\"tWWeOiJaHBmw\"><span class=\"brz-wp-title-content\" style=\"min-height:20px\">Recordatorio: Sesi\u00f3n informativa sobre la nueva aplicaci\u00f3n \u2013 20 de junio a las 11:00 h<\/span><\/div>\n<\/div>\n<div id=\"\" class=\"brz-css-1hnc43d brz-css-b7av4u brz-wrapper\">\n<div class=\"brz-wp-post-excerpt brz-css-13n27b5 brz-css-86p3vj brz-css-11qcv9v\" data-brz-custom-id=\"k9LO38CAbJCu\"><span class=\"brz-wp-post-excerpt-content\" style=\"min-height:20px\">\u00a1Hola a todos! Les recordamos que pronto tendremos nuestra sesi\u00f3n informativa sobre la nueva app y c\u00f3mo empezar a conducir con nosotros. Cu\u00e1ndo: 20 de junio, de 11:00 a 12:00. Durante la sesi\u00f3n, cubriremos: nuestra fase actual de implementaci\u00f3n de la app, las nuevas y emocionantes funciones que pueden esperar de la nueva app, qu\u00e9 deben hacer para empezar a conducir con nosotros, el voluntariado: pruebas de la app, eventos y en la oficina, y las pr\u00f3ximas elecciones de la Junta Directiva. Esta ser\u00e1 una gran oportunidad para resolver todas sus preguntas y mantenerse al d\u00eda. Esperamos que puedan unirse...<\/span><\/div>\n<\/div>\n<\/div>\n<\/div>\n<\/div>\n<div class=\"brz-posts__item\">\n<div class=\"brz-columns brz-css-1yot70f brz-css-ana312 brz-css-24cnfy\" data-brz-custom-id=\"tIiitMhHG0oR\">\n<div class=\"brz-column__items brz-css-14y3ext brz-css-1tkuijh\">\n<div id=\"\" class=\"brz-css-1hnc43d brz-css-1aw0290 brz-wrapper\">\n<div class=\"brz-image brz-css-5bk6q8 brz-css-7o5ojl\" data-brz-custom-id=\"nah1YnZZ2Fva\"><img decoding=\"async\" class=\"brz-img\" src=\"https:\/\/www.coloradodrivers.coop\/wp-content\/uploads\/2025\/06\/Volunteer-at-the-Co-Op-Office.webp\" alt=\"Text asking drivers to volunteer at the office with an image of a black man holding an ipad\" title=\"\u00a1Sea voluntario en la oficina de la cooperativa!\" loading=\"lazy\"><\/div>\n<\/div>\n<div id=\"\" class=\"brz-css-1hnc43d brz-css-pti2u brz-wrapper\">\n<div class=\"brz-wp-title brz-css-2f23jd brz-css-1tgz6ma brz-css-1q3setr\" data-brz-custom-id=\"tWWeOiJaHBmw\"><span class=\"brz-wp-title-content\" style=\"min-height:20px\">Conductores-Propietarios: \u00a1Sean voluntarios en la oficina de la cooperativa!<\/span><\/div>\n<\/div>\n<div id=\"\" class=\"brz-css-1hnc43d brz-css-b7av4u brz-wrapper\">\n<div class=\"brz-wp-post-excerpt brz-css-13n27b5 brz-css-86p3vj brz-css-11qcv9v\" data-brz-custom-id=\"k9LO38CAbJCu\"><span class=\"brz-wp-post-excerpt-content\" style=\"min-height:20px\">Los invitamos a participar y apoyar a su cooperativa como voluntarios en la oficina de Drivers Cooperative Colorado, ubicada en 1562 S Parker Road, Denver, CO 80231. Como conductores-propietarios, su tiempo y conocimientos ayudan a fortalecer nuestra comunidad. Recibimos voluntarios en horario de oficina, de lunes a viernes, de 9:00 a. m. a 5:00 p. m., \u00a1pero no es necesario que se queden todo el d\u00eda! Pueden ser voluntarios tantas horas como les sea posible, incluso si son pocas. Sus horas de voluntariado contar\u00e1n para las 15 horas de voluntariado requeridas para quienes est\u00e9n interesados en formar parte de la junta directiva. Las tareas de los voluntarios pueden incluir: Realizar pruebas\u2026<\/span><\/div>\n<\/div>\n<\/div>\n<\/div>\n<\/div>\n<div class=\"brz-posts__item\">\n<div class=\"brz-columns brz-css-1yot70f brz-css-ana312 brz-css-24cnfy\" data-brz-custom-id=\"tIiitMhHG0oR\">\n<div class=\"brz-column__items brz-css-14y3ext brz-css-1tkuijh\">\n<div id=\"\" class=\"brz-css-1hnc43d brz-css-1aw0290 brz-wrapper\">\n<div class=\"brz-image brz-css-5bk6q8 brz-css-7o5ojl\" data-brz-custom-id=\"nah1YnZZ2Fva\"><img decoding=\"async\" class=\"brz-img\" src=\"https:\/\/www.coloradodrivers.coop\/wp-content\/uploads\/2025\/07\/COOP-Drivers-Available-Now.webp\" alt=\"COOP Drivers Available Now \u2013 promotional graphic showing the COOP Driver app interface on two smartphones with a live map of Denver and trip details, highlighting the app\u2019s launch and driver availability.\" title=\"Conductores COOP disponibles ahora\" loading=\"lazy\"><\/div>\n<\/div>\n<div id=\"\" class=\"brz-css-1hnc43d brz-css-pti2u brz-wrapper\">\n<div class=\"brz-wp-title brz-css-2f23jd brz-css-1tgz6ma brz-css-1q3setr\" data-brz-custom-id=\"tWWeOiJaHBmw\"><span class=\"brz-wp-title-content\" style=\"min-height:20px\">\u00a1COOP Drivers ya est\u00e1 disponible!<\/span><\/div>\n<\/div>\n<div id=\"\" class=\"brz-css-1hnc43d brz-css-b7av4u brz-wrapper\">\n<div class=\"brz-wp-post-excerpt brz-css-13n27b5 brz-css-86p3vj brz-css-11qcv9v\" data-brz-custom-id=\"k9LO38CAbJCu\"><span class=\"brz-wp-post-excerpt-content\" style=\"min-height:20px\">Tras meses de mejoras y comentarios de la comunidad, lanzamos oficialmente nuestro relanzamiento e invitamos a toda nuestra comunidad a prepararse para un futuro mejor en viajes compartidos. A partir de hoy, 1 de julio, nuestra nueva app para conductores est\u00e1 disponible para descargar. Tanto si eres un colaborador veterano como si eres nuevo en la cooperativa, ahora es el momento perfecto para unirte. \u00bfQu\u00e9 hay de nuevo? Hemos redise\u00f1ado las plataformas para conductores y pasajeros desde cero, bas\u00e1ndonos en sus comentarios y experiencias. La app es m\u00e1s r\u00e1pida, m\u00e1s fiable y est\u00e1 dise\u00f1ada para servir mejor a nuestra comunidad de Colorado. Para conductores (ya disponible): Mayor estabilidad y rendimiento. Integraci\u00f3n y reactivaci\u00f3n optimizadas. Gesti\u00f3n de viajes mejorada y...<\/span><\/div>\n<\/div>\n<\/div>\n<\/div>\n<\/div>\n<\/div>\n<\/div>\n<\/div>\n<\/div>\n<\/div>\n<\/section>\n<\/div>\n<p>    <!-- version:1756744755 --><\/p>","protected":false},"excerpt":{"rendered":"<p>Explore las \u00faltimas actualizaciones de Drivers Cooperative Colorado y vea c\u00f3mo estamos construyendo un futuro propiedad de los conductores, impulsado por la justicia, el respeto y la comunidad.<\/p>","protected":false},"author":1,"featured_media":10417,"parent":8076,"menu_order":0,"comment_status":"closed","ping_status":"closed","template":"brizy-blank-template.php","meta":{"footnotes":"","_links_to":"","_links_to_target":""},"class_list":["post-8461","page","type-page","status-publish","has-post-thumbnail","hentry","entry"],"brizy_media":[{"id":6013,"url":"https:\/\/www.coloradodrivers.coop\/wp-content\/uploads\/2024\/10\/IMG_0057.jpeg","name":"IMG_0057.jpeg","meta":{"brizy_attachment_uid":"wp-6d117224f2fc1c83756ba5dba5972242.jpeg","brizy_post_uid":["a5fd6616d0353f9d0319f3b243de725f","a00aabdb9abf1ac8c60db74292034147"]}},{"id":7734,"url":"https:\/\/www.coloradodrivers.coop\/wp-content\/uploads\/2025\/05\/COOP-TADA.svg","name":"COOP-TADA.svg","meta":{"brizy_attachment_uid":"wp-5942b38afd07fc3bfb9939272f61d39f.svg","brizy_post_uid":["e031a588f89598c5e666e5795c9e309e","a00aabdb9abf1ac8c60db74292034147"]}},{"id":8527,"url":"https:\/\/www.coloradodrivers.coop\/wp-content\/uploads\/2025\/06\/company-news.webp","name":"noticias-de-la-empresa.webp","meta":{"brizy_attachment_uid":"wp-411b9625e30ebf1911a25ba93d19197e.webp","brizy_post_uid":["a00aabdb9abf1ac8c60db74292034147"]}},{"id":8558,"url":"https:\/\/www.coloradodrivers.coop\/wp-content\/uploads\/2025\/06\/teal-bg.webp","name":"verde azulado-bg.webp","meta":{"brizy_attachment_uid":"wp-68adb0c4a0006f0e2dfeb8f372ba4d3b.webp","brizy_post_uid":["a00aabdb9abf1ac8c60db74292034147"]}},{"id":10371,"url":"https:\/\/www.coloradodrivers.coop\/wp-content\/uploads\/2025\/09\/IMG_8071-scaled-e1756744966751.jpg","name":"IMG_8071.jpg","meta":{"brizy_attachment_uid":"wp-3da0b8748960df5ab0f0447d44ad7bc7.jpg","brizy_post_uid":["a00aabdb9abf1ac8c60db74292034147","b4dc4d8ddbf0c7d2853612f8f31a7491","4cdb9c319d6baa0542ee01399cefc30b","5b7f9dbcf0bbf49c1395e42beb2dde5d"]}},{"id":10417,"url":"https:\/\/www.coloradodrivers.coop\/wp-content\/uploads\/2025\/09\/Untitled-design-1.png","name":"Dise\u00f1o sin t\u00edtulo 1.png","meta":{"brizy_attachment_uid":"wp-159bdc52b1b3d096d2049a64dda24acc.png","brizy_post_uid":["a00aabdb9abf1ac8c60db74292034147"]}}],"_links":{"self":[{"href":"https:\/\/www.coloradodrivers.coop\/es\/wp-json\/wp\/v2\/pages\/8461","targetHints":{"allow":["GET"]}}],"collection":[{"href":"https:\/\/www.coloradodrivers.coop\/es\/wp-json\/wp\/v2\/pages"}],"about":[{"href":"https:\/\/www.coloradodrivers.coop\/es\/wp-json\/wp\/v2\/types\/page"}],"author":[{"embeddable":true,"href":"https:\/\/www.coloradodrivers.coop\/es\/wp-json\/wp\/v2\/users\/1"}],"replies":[{"embeddable":true,"href":"https:\/\/www.coloradodrivers.coop\/es\/wp-json\/wp\/v2\/comments?post=8461"}],"version-history":[{"count":9,"href":"https:\/\/www.coloradodrivers.coop\/es\/wp-json\/wp\/v2\/pages\/8461\/revisions"}],"predecessor-version":[{"id":12641,"href":"https:\/\/www.coloradodrivers.coop\/es\/wp-json\/wp\/v2\/pages\/8461\/revisions\/12641"}],"up":[{"embeddable":true,"href":"https:\/\/www.coloradodrivers.coop\/es\/wp-json\/wp\/v2\/pages\/8076"}],"wp:featuredmedia":[{"embeddable":true,"href":"https:\/\/www.coloradodrivers.coop\/es\/wp-json\/wp\/v2\/media\/10417"}],"wp:attachment":[{"href":"https:\/\/www.coloradodrivers.coop\/es\/wp-json\/wp\/v2\/media?parent=8461"}],"curies":[{"name":"gracias","href":"https:\/\/api.w.org\/{rel}","templated":true}]}}