{"id":8459,"date":"2025-06-30T01:32:56","date_gmt":"2025-06-30T01:32:56","guid":{"rendered":"https:\/\/www.coloradodrivers.coop\/?page_id=8459"},"modified":"2025-09-06T11:55:07","modified_gmt":"2025-09-06T11:55:07","slug":"drive","status":"publish","type":"page","link":"https:\/\/www.coloradodrivers.coop\/es\/drive\/","title":{"rendered":"Conduce m\u00e1s. Conserva m\u00e1s. S\u00e9 due\u00f1o de todo."},"content":{"rendered":"<div class=\"brz brz-root__container brz-reset-all brz-root__container-page\" >\n<section id=\"vZVTwwEKZg7k_vZVTwwEKZg7k\" class=\"brz-section brz-css-11gdfhv brz-css-2tpvh9\">\n<div class=\"brz-section__content brz-section--fullWidth brz-css-1ey06ps brz-css-178vix9\" data-brz-custom-id=\"dhFA4Hfqogo1\">\n<div class=\"brz-container brz-css-qqv2si brz-css-wfaw9g\">\n<div class=\"brz-row__container brz-css-ipahwo brz-css-gzdfwm\" data-brz-custom-id=\"e1e6YyWR52b_\">\n<div class=\"brz-row brz-css-iqux98 brz-css-1z05ylq brz-css-1c5nmxs\">\n<div class=\"brz-columns brz-css-1u4pg4g brz-css-332xw2\" data-brz-custom-id=\"opY5QH6zvH6C\">\n<div class=\"brz-column__items brz-css-16rozmm brz-css-1n34001\">\n<div id=\"\" class=\"brz-css-rq34cs brz-css-1hwz9vk brz-wrapper\">\n<div class=\"brz-wp-title brz-css-thxlv4 brz-css-ky3wu\" data-brz-custom-id=\"seGUqnpS737y\">\n<h1 class=\"brz-wp-title-content\" style=\"min-height:20px\">Conduce m\u00e1s. Conserva m\u00e1s. S\u00e9 due\u00f1o de todo.<\/h1>\n<\/div>\n<\/div>\n<div id=\"\" class=\"brz-css-rq34cs brz-css-5dwdgi brz-wrapper\">\n<div class=\"brz-wp-post-excerpt brz-css-31xa8y brz-css-42pgzc\" data-brz-custom-id=\"vGdEGoF_V6F3\"><span class=\"brz-wp-post-excerpt-content\" style=\"min-height:20px\">Sea su propio conductor hoy.<\/span><\/div>\n<\/div>\n<div class=\"brz-wrapper-clone brz-flex-xs-wrap brz-css-wf4tfw brz-css-tawka9\" data-brz-custom-id=\"pOSBJJ28hOyn\"><a class=\"brz-a brz-btn brz-css-1kmhnwn brz-css-hdodmz btn-primary brz-css-zmqmot brz-css-1bkj44w\" href=\"https:\/\/www.coloradodrivers.coop\/es\/drive\/signup\/\" target=\"_self\" rel=\"noopener\" data-brz-link-type=\"page\" data-brz-custom-id=\"rHC15FMm1neb\"><span data-brz-translate-text=\"1\" class=\"brz-span brz-text__editor\">COMENZAR<\/span><\/a><\/div>\n<div id=\"\" class=\"brz-css-rq34cs brz-css-oj7fdw brz-wrapper\">\n<div class=\"brz-rich-text brz-rich-text__custom brz-css-fkxllj brz-css-4w241t\" data-brz-custom-id=\"xcg92cyPbD6z\">\n<div data-brz-translate-text=\"1\">\n<p class=\"brz-text-lg-justify brz-mb-lg-0 brz-mt-lg-100 brz-fss-lg-px brz-fw-lg-300 brz-ls-lg-0 brz-lh-lg-1_9 brz-vfw-lg-400 brz-fwdth-lg-100 brz-fsft-lg-0 brz-tp-lg-empty brz-ff-outfit brz-ft-google brz-fs-lg-15 brz-css-pxIch\" data-uniq-id=\"tIeyp\" data-generated-css=\"brz-css-oDxug\"><span style=\"color: rgba(0, 0, 0, 0.5);\">Aprenda qu\u00e9 hacer si encuentra un objeto perdido en su veh\u00edculo en nuestro <\/span><a class=\"link--page\" style=\"color: rgba(0, 0, 0, 0.5); background-color: rgb(255, 255, 255);\" href=\"https:\/\/www.coloradodrivers.coop\/es\/ride\/lost-and-found\/\" data-brz-link-type=\"page\"><u>Objetos perdidos y encontrados<\/u><\/a><span style=\"color: rgba(0, 0, 0, 0.5);\"> p\u00e1gina.<\/span><\/p>\n<\/div>\n<\/div>\n<\/div>\n<\/div>\n<\/div>\n<div class=\"brz-columns brz-css-1u4pg4g brz-css-1na30r7\" data-brz-custom-id=\"fE5UIg_GHeN_\">\n<div class=\"brz-column__items brz-css-16rozmm brz-css-u5rc6e\">\n<div id=\"\" class=\"brz-css-rq34cs brz-css-1a142cd brz-wrapper\">\n<div class=\"brz-image brz-css-aht1fj brz-css-9k4k1e\" data-brz-custom-id=\"hwqg2WoPJM5A\"><picture class=\"brz-picture brz-d-block brz-p-relative brz-css-w6e2qq brz-css-qdft1u\"><source srcset=\"https:\/\/www.coloradodrivers.coop\/wp-content\/uploads\/2025\/06\/drive.webp 1x, https:\/\/www.coloradodrivers.coop\/wp-content\/uploads\/2025\/06\/drive.webp 2x\" media=\"(min-width: 992px)\"><source srcset=\"https:\/\/www.coloradodrivers.coop\/wp-content\/uploads\/2025\/06\/drive.webp 1x, https:\/\/www.coloradodrivers.coop\/wp-content\/uploads\/2025\/06\/drive.webp 2x\" media=\"(min-width: 768px)\"><img decoding=\"async\" class=\"brz-img\" srcset=\"https:\/\/www.coloradodrivers.coop\/wp-content\/uploads\/2025\/06\/drive.webp 1x, https:\/\/www.coloradodrivers.coop\/wp-content\/uploads\/2025\/06\/drive.webp 2x\" src=\"https:\/\/www.coloradodrivers.coop\/wp-content\/uploads\/2025\/06\/drive.webp\" loading=\"lazy\" alt=\"Smiling rideshare driver transporting happy passengers in the back seat of a car, representing a positive customer experience with a local driver-owned rideshare service in Colorado.\" title=\"conducir\" draggable=\"false\"><\/picture><\/div>\n<\/div>\n<\/div>\n<\/div>\n<\/div>\n<\/div>\n<\/div>\n<\/div>\n<\/section><\/div>\n<p><!-- version:1757159707 --><\/p>","protected":false},"excerpt":{"rendered":"<p>Sea su propio conductor hoy.<\/p>","protected":false},"author":1,"featured_media":8811,"parent":0,"menu_order":0,"comment_status":"closed","ping_status":"closed","template":"brizy-blank-template.php","meta":{"footnotes":"","_links_to":"","_links_to_target":""},"class_list":["post-8459","page","type-page","status-publish","has-post-thumbnail","hentry","entry"],"brizy_media":[{"id":8811,"url":"https:\/\/www.coloradodrivers.coop\/wp-content\/uploads\/2025\/06\/drive.webp","name":"unidad.webp","meta":{"brizy_attachment_uid":"wp-4095cf580439261600ff564983ee1fa2.webp","brizy_post_uid":["f317fb36344c90524e9aad37cbbbbc4a","4cdb9c319d6baa0542ee01399cefc30b"]}},{"id":10431,"url":"https:\/\/www.coloradodrivers.coop\/wp-content\/uploads\/2025\/09\/IMG_8114-scaled-e1756746508702.jpg","name":"IMG_8114.jpg","meta":{"brizy_attachment_uid":"wp-f7611d8c442a565327149911a130d967.jpg","brizy_post_uid":["5b7f9dbcf0bbf49c1395e42beb2dde5d","a2e1dffa98ec9f91e1a687f08c3b6c93","f317fb36344c90524e9aad37cbbbbc4a","9670a12e7a4f288af02e44546205d265"]}}],"_links":{"self":[{"href":"https:\/\/www.coloradodrivers.coop\/es\/wp-json\/wp\/v2\/pages\/8459","targetHints":{"allow":["GET"]}}],"collection":[{"href":"https:\/\/www.coloradodrivers.coop\/es\/wp-json\/wp\/v2\/pages"}],"about":[{"href":"https:\/\/www.coloradodrivers.coop\/es\/wp-json\/wp\/v2\/types\/page"}],"author":[{"embeddable":true,"href":"https:\/\/www.coloradodrivers.coop\/es\/wp-json\/wp\/v2\/users\/1"}],"replies":[{"embeddable":true,"href":"https:\/\/www.coloradodrivers.coop\/es\/wp-json\/wp\/v2\/comments?post=8459"}],"version-history":[{"count":10,"href":"https:\/\/www.coloradodrivers.coop\/es\/wp-json\/wp\/v2\/pages\/8459\/revisions"}],"predecessor-version":[{"id":10791,"href":"https:\/\/www.coloradodrivers.coop\/es\/wp-json\/wp\/v2\/pages\/8459\/revisions\/10791"}],"wp:featuredmedia":[{"embeddable":true,"href":"https:\/\/www.coloradodrivers.coop\/es\/wp-json\/wp\/v2\/media\/8811"}],"wp:attachment":[{"href":"https:\/\/www.coloradodrivers.coop\/es\/wp-json\/wp\/v2\/media?parent=8459"}],"curies":[{"name":"gracias","href":"https:\/\/api.w.org\/{rel}","templated":true}]}}