{"id":5974,"date":"2024-10-11T01:10:41","date_gmt":"2024-10-11T01:10:41","guid":{"rendered":"https:\/\/www.coloradodrivers.coop\/?page_id=5974"},"modified":"2025-09-04T20:49:10","modified_gmt":"2025-09-04T20:49:10","slug":"driver-requirements","status":"publish","type":"page","link":"https:\/\/www.coloradodrivers.coop\/es\/driver-requirements\/","title":{"rendered":"Requisitos del conductor"},"content":{"rendered":"<div class=\"brz-root__container brz-reset-all brz brz-root__container-page\">\n<section id=\"44dae77161837a298ca3_fhGTxejp1ewk\" class=\"brz-section brz-css-u5khic brz-css-vd2aeu\">\n<div class=\"brz-section__content brz-section--boxed brz-css-zyx8sx brz-css-1g933mk\" data-brz-custom-id=\"uLU6uo4w5qUR\">\n<div class=\"brz-bg\">\n<div class=\"brz-bg-image\"><\/div>\n<div class=\"brz-bg-color\"><\/div>\n<\/div>\n<div class=\"brz-container brz-css-1lza5z brz-css-jci2hy\">\n<div id=\"\" class=\"brz-css-7bu3ir brz-css-hdl9lw brz-wrapper\">\n<div class=\"brz-wp-title brz-css-eg20z0 brz-css-v3b6b3\" data-brz-custom-id=\"rhh9zH9AoUsH\">\n<h1 class=\"brz-wp-title-content\" style=\"min-height:20px\">Requisitos del conductor<\/h1>\n<\/div>\n<\/div>\n<\/div>\n<\/div>\n<\/section>\n<section id=\"866554278d4e902e84cf_urwqpSGDoyPi\" class=\"brz-section brz-css-u5khic brz-css-ihdd9v\">\n<div class=\"brz-section__content brz-section--boxed brz-css-zyx8sx brz-css-119ffse\" data-brz-custom-id=\"y5bkMmgDMWuu\">\n<div class=\"brz-bg\">\n<div class=\"brz-bg-color\"><\/div>\n<\/div>\n<div class=\"brz-container brz-css-1lza5z brz-css-15skcpr\">\n<div id=\"\" class=\"brz-css-7bu3ir brz-css-jochob brz-wrapper\">\n<div class=\"brz-rich-text brz-rich-text__custom brz-css-xrwlui brz-css-1qybwlm\" data-brz-custom-id=\"kExnb08vNX2g\">\n<div data-brz-translate-text=\"1\">\n<h2 data-uniq-id=\"wAAqB\" data-generated-css=\"brz-css-cl87Y\" class=\"brz-tp-lg-heading2 brz-css-kt2jz\"><span class=\"brz-cp-color3\">Requisitos clave antes de la incorporaci\u00f3n<\/span><\/h2>\n<\/div>\n<\/div>\n<\/div>\n<div id=\"\" class=\"brz-css-7bu3ir brz-css-cuscql brz-wrapper\">\n<div class=\"brz-rich-text brz-rich-text__custom brz-css-xrwlui brz-css-g90kid\" data-brz-custom-id=\"fGEhMflOwHok\">\n<div data-brz-translate-text=\"1\">\n<p class=\"brz-tp-lg-paragraph brz-css-phjW6\" data-generated-css=\"brz-css-pnGaw\" data-uniq-id=\"wno8F\"><span class=\"brz-cp-color6\">Antes de comenzar su proceso de incorporaci\u00f3n, queremos asegurarnos de que conozca algunos detalles importantes para ayudar a que el proceso sea sencillo y eficiente.<\/span><\/p>\n<\/div>\n<\/div>\n<\/div>\n<div id=\"\" class=\"brz-css-7bu3ir brz-css-dht7rh brz-css-2iv9mp brz-wrapper\">\n<div class=\"brz-spacer brz-css-1ebwkm2 brz-css-hxbb4r\"><\/div>\n<\/div>\n<div id=\"\" class=\"brz-css-7bu3ir brz-css-17j40ee brz-wrapper\">\n<div class=\"brz-rich-text brz-rich-text__custom brz-css-xrwlui brz-css-a9vcks\" data-brz-custom-id=\"pxnUv9Vo2lti\">\n<div data-brz-translate-text=\"1\">\n<ol>\n<li class=\"brz-tp-lg-paragraph brz-bcp-color7 brz-css-bIYNb\" data-generated-css=\"brz-css-fvUMi\" data-uniq-id=\"mqf7p\"><strong class=\"brz-cp-color7\">L\u00edmite de kilometraje del veh\u00edculo<\/strong><\/li>\n<li data-generated-css=\"brz-css-l7Mbk\" data-uniq-id=\"cKzc_\" class=\"brz-tp-lg-paragraph ql-indent-1 brz-bcp-color6 brz-css-ghqi6\"><span class=\"brz-cp-color6\">Su veh\u00edculo debe tener menos de 200,000 millas en el od\u00f3metro al momento de la incorporaci\u00f3n. Este es un requisito de nuestra aseguradora.<\/span><\/li>\n<li class=\"brz-tp-lg-paragraph brz-bcp-color7 brz-css-he9OB\" data-generated-css=\"brz-css-efSZe\" data-uniq-id=\"yc8N1\"><strong class=\"brz-cp-color7\">Comprobante de seguro<\/strong><\/li>\n<li class=\"brz-tp-lg-paragraph ql-indent-1 brz-bcp-color6 brz-css-jI8ld\" data-generated-css=\"brz-css-hJhSE\" data-uniq-id=\"ddDyc\"><span class=\"brz-cp-color6\">Debe proporcionar un seguro personal vigente para su veh\u00edculo.<\/span><\/li>\n<li class=\"brz-tp-lg-paragraph brz-bcp-color7 brz-css-vIkwE\" data-generated-css=\"brz-css-x3ISF\" data-uniq-id=\"ioNR5\"><strong class=\"brz-cp-color7\">Requisitos de la c\u00e1mara de tablero<\/strong><\/li>\n<li data-generated-css=\"brz-css-qPNon\" data-uniq-id=\"p5hZt\" class=\"brz-tp-lg-paragraph ql-indent-1 brz-bcp-color6 brz-css-sNtgx\"><span class=\"brz-cp-color6\">Cada veh\u00edculo debe estar equipado con una c\u00e1mara de tablero para la seguridad tanto del conductor como del pasajero. Esto es obligatorio.<\/span><\/li>\n<li class=\"brz-tp-lg-paragraph brz-bcp-color7 brz-css-tcbMz\" data-generated-css=\"brz-css-si10l\" data-uniq-id=\"yoB2C\"><strong class=\"brz-cp-color7\">Registro de veh\u00edculos de Colorado<\/strong><\/li>\n<li class=\"brz-tp-lg-paragraph ql-indent-1 brz-bcp-color6 brz-css-i1qZn\" data-generated-css=\"brz-css-fdvme\" data-uniq-id=\"zPvVw\"><span class=\"brz-cp-color6\">Debe cargar una copia del registro v\u00e1lido de su veh\u00edculo de Colorado.<\/span><\/li>\n<li data-generated-css=\"brz-css-o6FOo\" data-uniq-id=\"vJFZN\" class=\"brz-tp-lg-paragraph brz-bcp-color7 brz-css-jG8cA\"><strong class=\"brz-cp-color7\">Inspecci\u00f3n del veh\u00edculo<\/strong><\/li>\n<li data-generated-css=\"brz-css-qVldj\" data-uniq-id=\"wkuNk\" class=\"brz-tp-lg-paragraph ql-indent-1 brz-bcp-color6 brz-css-dE5vo\"><span class=\"brz-cp-color6\">Se debe presentar un formulario de inspecci\u00f3n del veh\u00edculo completo (con una antig\u00fcedad m\u00e1xima de un a\u00f1o). Las inspecciones est\u00e1n disponibles en Grease Monkey, Jiffy Lube o cualquier taller mec\u00e1nico certificado.<\/span><\/li>\n<li data-generated-css=\"brz-css-vodZi\" data-uniq-id=\"cfj24\" class=\"brz-tp-lg-paragraph ql-indent-1 brz-bcp-color6 brz-css-dB0UN\"><span class=\"brz-cp-color6\">El formulario debe incluir la lectura del od\u00f3metro. Sin ella, no se aceptar\u00e1.<\/span><\/li>\n<li data-generated-css=\"brz-css-yq95j\" data-uniq-id=\"ypU85\" class=\"brz-bcp-color6 ql-indent-1 brz-tp-lg-empty brz-ff-outfit brz-ft-google brz-fs-lg-20 brz-fss-lg-px brz-fw-lg-300 brz-ls-lg-0 brz-lh-lg-1_9 brz-vfw-lg-400 brz-fwdth-lg-100 brz-fsft-lg-0 brz-css-z4Oht\"><a class=\"link--external brz-cp-color4 brz-underline-true\" href=\"https:\/\/www.coloradodrivers.coop\/wp-content\/uploads\/2024\/10\/DCC-Inspection-form.pdf.pdf\" data-brz-link-type=\"external\" target=\"_blank\"><u>Aqu\u00ed<\/u><\/a><span class=\"brz-cp-color6\">&nbsp;Es una plantilla que puedes utilizar.<\/span><\/li>\n<li data-generated-css=\"brz-css-cW6Zq\" data-uniq-id=\"vwyMG\" class=\"brz-tp-lg-paragraph brz-bcp-color7 brz-css-rj28d\"><strong class=\"brz-cp-color7\">Cuota de membres\u00eda del conductor<\/strong><\/li>\n<li data-generated-css=\"brz-css-riWRD\" data-uniq-id=\"fExiQ\" class=\"brz-tp-lg-paragraph ql-indent-1 brz-bcp-color6 brz-css-oO5ff\"><span class=\"brz-cp-color6\">Al momento de la incorporaci\u00f3n, se requiere el pago de la cuota de inscripci\u00f3n para la membres\u00eda de conductor $50. Esta cuota cubre el costo de su verificaci\u00f3n de antecedentes.&nbsp;<\/span><\/li>\n<li data-generated-css=\"brz-css-vVPm2\" data-uniq-id=\"igFW0\" class=\"brz-tp-lg-paragraph brz-bcp-color7 brz-css-ykZlu\"><strong class=\"brz-cp-color7\">Verificaci\u00f3n de antecedentes<\/strong><\/li>\n<li data-generated-css=\"brz-css-uK0Nw\" data-uniq-id=\"tuBmZ\" class=\"brz-tp-lg-paragraph ql-indent-1 brz-bcp-color6 brz-css-kRVGL\"><span class=\"brz-cp-color6\">Despu\u00e9s de subir sus documentos y pagar la cuota de membres\u00eda, recibir\u00e1 un correo electr\u00f3nico de nuestra empresa de verificaci\u00f3n de antecedentes, Checkr. Complete el sencillo formulario con su informaci\u00f3n personal (SSN, correo electr\u00f3nico, n\u00famero de tel\u00e9fono, direcci\u00f3n) y comenzar\u00e1 la verificaci\u00f3n de antecedentes. El tiempo de respuesta suele ser de un d\u00eda.<\/span><\/li>\n<li data-generated-css=\"brz-css-aahGD\" data-uniq-id=\"kGUb2\" class=\"brz-tp-lg-paragraph brz-bcp-color3 brz-css-uaMjl\"><strong class=\"brz-cp-color3\">Orientaci\u00f3n<\/strong><\/li>\n<li data-generated-css=\"brz-css-tKNyA\" data-uniq-id=\"a4Eb9\" class=\"brz-bcp-color3 brz-tp-lg-paragraph ql-indent-1 brz-css-kGJdL\"><span class=\"brz-cp-color6\">Finalmente, todos los conductores deben asistir a una orientaci\u00f3n de 20 minutos. Puede completarla en l\u00ednea a trav\u00e9s de Zoom o en persona en nuestras oficinas ubicadas en 1562 South Parker Road, Denver, CO. Puede programar su orientaci\u00f3n.<\/span><span class=\"brz-cp-color3\">&nbsp;<\/span><a class=\"brz-bold-true link--page brz-cp-color4\" href=\"https:\/\/www.coloradodrivers.coop\/es\/drive\/orientation\/\" data-brz-link-type=\"page\">aqu\u00ed<\/a><span class=\"brz-bold-true brz-cp-color6\">.<\/span><\/li>\n<\/ol>\n<\/div>\n<\/div>\n<\/div>\n<\/div>\n<\/div>\n<\/section>\n<\/div>\n<p>    <!-- version:1756743725 --><\/p>","protected":false},"excerpt":{"rendered":"<p>Requisitos del conductor: Requisitos clave antes de la incorporaci\u00f3n. Antes de comenzar el proceso de incorporaci\u00f3n, queremos asegurarnos de que conozca algunos detalles importantes para que sea un proceso sencillo y eficiente. L\u00edmite de kilometraje del veh\u00edculo: Su veh\u00edculo debe tener menos de 200,000 millas en el od\u00f3metro al momento de la incorporaci\u00f3n. Este es un requisito de nuestra aseguradora. <a class=\"more-link\" href=\"https:\/\/www.coloradodrivers.coop\/es\/driver-requirements\/\">Seguir leyendo <span class=\"screen-reader-text\">Requisitos del conductor<\/span><\/a><\/p>","protected":false},"author":1,"featured_media":7978,"parent":0,"menu_order":0,"comment_status":"closed","ping_status":"closed","template":"brizy-blank-template.php","meta":{"footnotes":"","_links_to":"","_links_to_target":""},"class_list":["post-5974","page","type-page","status-publish","has-post-thumbnail","hentry","entry"],"brizy_media":[{"id":6013,"url":"https:\/\/www.coloradodrivers.coop\/wp-content\/uploads\/2024\/10\/IMG_0057.jpeg","name":"IMG_0057.jpeg","meta":{"brizy_attachment_uid":"wp-6d117224f2fc1c83756ba5dba5972242.jpeg","brizy_post_uid":["a5fd6616d0353f9d0319f3b243de725f","a00aabdb9abf1ac8c60db74292034147"]}},{"id":10367,"url":"https:\/\/www.coloradodrivers.coop\/wp-content\/uploads\/2025\/09\/14AA1938-94DB-4190-9333-59AD2E50D7EC-scaled.jpg","name":"14AA1938-94DB-4190-9333-59AD2E50D7EC.jpg","meta":{"brizy_attachment_uid":"wp-8190a88b1986cdb53f989ac16affbd6d.jpg","brizy_post_uid":["a5fd6616d0353f9d0319f3b243de725f"]}}],"_links":{"self":[{"href":"https:\/\/www.coloradodrivers.coop\/es\/wp-json\/wp\/v2\/pages\/5974","targetHints":{"allow":["GET"]}}],"collection":[{"href":"https:\/\/www.coloradodrivers.coop\/es\/wp-json\/wp\/v2\/pages"}],"about":[{"href":"https:\/\/www.coloradodrivers.coop\/es\/wp-json\/wp\/v2\/types\/page"}],"author":[{"embeddable":true,"href":"https:\/\/www.coloradodrivers.coop\/es\/wp-json\/wp\/v2\/users\/1"}],"replies":[{"embeddable":true,"href":"https:\/\/www.coloradodrivers.coop\/es\/wp-json\/wp\/v2\/comments?post=5974"}],"version-history":[{"count":11,"href":"https:\/\/www.coloradodrivers.coop\/es\/wp-json\/wp\/v2\/pages\/5974\/revisions"}],"predecessor-version":[{"id":12642,"href":"https:\/\/www.coloradodrivers.coop\/es\/wp-json\/wp\/v2\/pages\/5974\/revisions\/12642"}],"wp:featuredmedia":[{"embeddable":true,"href":"https:\/\/www.coloradodrivers.coop\/es\/wp-json\/wp\/v2\/media\/7978"}],"wp:attachment":[{"href":"https:\/\/www.coloradodrivers.coop\/es\/wp-json\/wp\/v2\/media?parent=5974"}],"curies":[{"name":"gracias","href":"https:\/\/api.w.org\/{rel}","templated":true}]}}