{"id":2297,"date":"2024-05-17T08:12:05","date_gmt":"2024-05-17T08:12:05","guid":{"rendered":"https:\/\/www.coloradodrivers.coop\/?page_id=2297"},"modified":"2025-11-15T07:29:39","modified_gmt":"2025-11-15T07:29:39","slug":"orientation","status":"publish","type":"page","link":"https:\/\/www.coloradodrivers.coop\/es\/drive\/orientation\/","title":{"rendered":"Orientaci\u00f3n del conductor"},"content":{"rendered":"<div class=\"brz brz-root__container brz-reset-all brz-root__container-page\" >\n<section id=\"iyl1J3mnFyGc_iyl1J3mnFyGc\" class=\"brz-section brz-css-1cvuy2 brz-css-1ekh5i4\">\n<div class=\"brz-section__content brz-section--fullWidth brz-css-lf406r brz-css-d4tnjc\" data-brz-custom-id=\"yZ0hRlC6ZV1L\">\n<div class=\"brz-container brz-css-b025uz brz-css-yvwa7j\">\n<div id=\"\" class=\"brz-css-ju9o8l brz-css-4lsflf brz-wrapper\">\n<div class=\"brz-rich-text brz-rich-text__custom brz-css-dk05rz brz-css-vmd6xs\" data-brz-custom-id=\"oV02p3gNJbol\">\n<div data-brz-translate-text=\"1\">\n<h2 data-uniq-id=\"vwJU7\" data-generated-css=\"brz-css-loCZL\" class=\"brz-tp-lg-heading2 brz-css-lTWlP\"><span style=\"color: rgba(var(--brz-global-color3),1);\" class=\"brz-cp-color3\">Orientaciones en ingl\u00e9s<\/span><\/h2>\n<\/div>\n<\/div>\n<\/div>\n<div id=\"\" class=\"brz-css-ju9o8l brz-css-1vq7hnc brz-css-abfvxb brz-wrapper\">\n<div class=\"brz-spacer brz-css-1l2k7jm brz-css-1fs1ohe\"><\/div>\n<\/div>\n<div class=\"brz-row__container brz-css-mqg1gw brz-css-1tcejpd\" data-brz-custom-id=\"mHowZzVb2ikh\">\n<div class=\"brz-row brz-css-1nxzwn3 brz-css-1qnpz4p brz-css-5k1lh\">\n<div class=\"brz-columns brz-css-1215ga5 brz-css-zt2m9e\" data-brz-custom-id=\"o9nMqsmhMlsE\">\n<div class=\"brz-bg\">\n<div class=\"brz-bg-color\"><\/div>\n<\/div>\n<div class=\"brz-column__items brz-css-1wyr5ak brz-css-1v5ys4i\">\n<div class=\"brz-wrapper-clone brz-flex-xs-wrap brz-css-1rbguhw brz-css-j5dt5l\" data-brz-custom-id=\"xLlaEsGkmjyr\">\n<div class=\"brz-icon__container\" data-brz-custom-id=\"z0g9U8c62Nlt\"><span class=\"brz-icon brz-span brz-css-avo3sq brz-css-5oxhim\"><svg class=\"brz-icon-svg align-[initial]\"><use href=\"\/wp-content\/plugins\/brizy\/public\/editor-build\/prod\/editor\/icons\/glyph\/b-location.svg#nc_icon\"><\/use><\/svg><\/span><\/div>\n<\/div>\n<div id=\"\" class=\"brz-css-ju9o8l brz-css-1hit1xk brz-wrapper\">\n<div class=\"brz-rich-text brz-rich-text__custom brz-css-dk05rz brz-css-rua98y\" data-brz-custom-id=\"gtsvQ6sc3JCq\">\n<div data-brz-translate-text=\"1\">\n<h4 data-generated-css=\"brz-css-bhJKn\" data-uniq-id=\"bw4da\" class=\"brz-tp-lg-heading4 brz-css-fCoI9\"><span class=\"brz-cp-color3\" style=\"color: rgba(var(--brz-global-color3),1);\">En persona \u2013 Ingl\u00e9s<\/span><\/h4>\n<\/div>\n<\/div>\n<\/div>\n<div class=\"brz-row__container brz-css-mqg1gw brz-css-12reig9\" data-brz-custom-id=\"ziZtizSgQCOq\">\n<div class=\"brz-row brz-row--inner brz-css-1nxzwn3 brz-css-1qnpz4p brz-css-1w4digo\">\n<div class=\"brz-columns brz-css-1215ga5 brz-css-1mviwfp\" data-brz-custom-id=\"c9lhWZpuyYpG\">\n<div class=\"brz-column__items brz-css-1wyr5ak brz-css-aghnom\">\n<div id=\"\" class=\"brz-css-ju9o8l brz-css-1b8dxio brz-wrapper\">\n<div class=\"brz-rich-text brz-rich-text__custom brz-css-dk05rz brz-css-j01qic\" data-brz-custom-id=\"ssw27hYLbdrU\">\n<div data-brz-translate-text=\"1\">\n<p class=\"brz-tp-lg-paragraph brz-css-l4hCk\" data-generated-css=\"brz-css-g_KUG\" data-uniq-id=\"pcu18\"><strong class=\"brz-cp-color3\">Lunes<\/strong><\/p>\n<p class=\"brz-tp-lg-paragraph brz-css-binNC\" data-generated-css=\"brz-css-s0P2M\" data-uniq-id=\"yx6jX\"><span class=\"brz-cp-color3\">10 am y 12 pm<\/span><\/p>\n<\/div>\n<\/div>\n<\/div>\n<\/div>\n<\/div>\n<div class=\"brz-columns brz-css-1215ga5 brz-css-xm0ohe\" data-brz-custom-id=\"m8KeIhoLf1US\">\n<div class=\"brz-column__items brz-css-1wyr5ak brz-css-outoxt\">\n<div id=\"\" class=\"brz-css-ju9o8l brz-css-1yxdwf2 brz-wrapper\">\n<div class=\"brz-rich-text brz-rich-text__custom brz-css-dk05rz brz-css-lgsbje\" data-brz-custom-id=\"r8EyupD_1vxx\">\n<div data-brz-translate-text=\"1\">\n<p class=\"brz-tp-lg-paragraph brz-css-uKDbO\" data-generated-css=\"brz-css-kMZ3q\" data-uniq-id=\"bDnQG\"><strong class=\"brz-cp-color3\">martes, mi\u00e9rcoles<\/strong><\/p>\n<p class=\"brz-tp-lg-paragraph brz-css-uWLRt\" data-generated-css=\"brz-css-lIMsL\" data-uniq-id=\"zfpYd\"><span class=\"brz-cp-color3\">10 am y 2 pm<\/span><\/p>\n<\/div>\n<\/div>\n<\/div>\n<\/div>\n<\/div>\n<\/div>\n<\/div>\n<div class=\"brz-row__container brz-css-mqg1gw brz-css-nn5zlo\" data-brz-custom-id=\"gthQbfr87Bgx\">\n<div class=\"brz-row brz-row--inner brz-css-1nxzwn3 brz-css-1qnpz4p brz-css-77f56p\">\n<div class=\"brz-columns brz-css-1215ga5 brz-css-1yxu6ow\" data-brz-custom-id=\"xHkRaD0EhdmI\">\n<div class=\"brz-column__items brz-css-1wyr5ak brz-css-1pce39c\">\n<div id=\"\" class=\"brz-css-ju9o8l brz-css-1fspxoq brz-wrapper\">\n<div class=\"brz-rich-text brz-rich-text__custom brz-css-dk05rz brz-css-11q772f\" data-brz-custom-id=\"aYNhc2fTCL73\">\n<div data-brz-translate-text=\"1\">\n<p class=\"brz-tp-lg-paragraph brz-css-vr3Qz\" data-generated-css=\"brz-css-tp_5L\" data-uniq-id=\"dhvWB\"><strong class=\"brz-cp-color3\">Jueves<\/strong><\/p>\n<p class=\"brz-tp-lg-paragraph brz-css-x0EcS\" data-generated-css=\"brz-css-v6qbN\" data-uniq-id=\"cbcg8\"><span class=\"brz-cp-color3\">10 am, 11 am y 2 pm<\/span><\/p>\n<\/div>\n<\/div>\n<\/div>\n<\/div>\n<\/div>\n<div class=\"brz-columns brz-css-1215ga5 brz-css-14iy3z7\" data-brz-custom-id=\"hPWyM_kT8PvZ\">\n<div class=\"brz-column__items brz-css-1wyr5ak brz-css-vrwlk\">\n<div id=\"\" class=\"brz-css-ju9o8l brz-css-6z1r8p brz-wrapper\">\n<div class=\"brz-rich-text brz-rich-text__custom brz-css-dk05rz brz-css-1gfamks\" data-brz-custom-id=\"c1kzb3vw0lCc\">\n<div data-brz-translate-text=\"1\">\n<p class=\"brz-tp-lg-paragraph brz-css-kt_9U\" data-generated-css=\"brz-css-br31T\" data-uniq-id=\"fpOzM\"><strong class=\"brz-cp-color3\">Viernes<\/strong><\/p>\n<p class=\"brz-tp-lg-paragraph brz-css-p5sfS\" data-generated-css=\"brz-css-qxRJj\" data-uniq-id=\"uODKj\"><span class=\"brz-cp-color3\">10 am<\/span><\/p>\n<\/div>\n<\/div>\n<\/div>\n<\/div>\n<\/div>\n<\/div>\n<\/div>\n<div class=\"brz-wrapper-clone brz-flex-xs-wrap brz-css-1rbguhw brz-css-c7iob5\" data-brz-custom-id=\"fPvJ9N0iYvGQ\"><a class=\"brz-a brz-btn brz-css-1l1p8qi brz-css-f0xsfw btn-primary brz-css-bwk87v brz-css-14xlek4\" href=\"https:\/\/form.jotform.com\/240808145984161\" target=\"_blank\" rel=\"noopener noreferrer\" data-brz-link-type=\"external\" data-brz-custom-id=\"dVftbKsUp_Wp\"><span data-brz-translate-text=\"1\" class=\"brz-span brz-text__editor\">INSCRIBIRSE<\/span><\/a><\/div>\n<\/div>\n<\/div>\n<div class=\"brz-columns brz-css-1215ga5 brz-css-15nzlua\" data-brz-custom-id=\"obuLQ2AsLuCj\">\n<div class=\"brz-bg\">\n<div class=\"brz-bg-color\"><\/div>\n<\/div>\n<div class=\"brz-column__items brz-css-1wyr5ak brz-css-lxdrd0\">\n<div class=\"brz-wrapper-clone brz-flex-xs-wrap brz-css-1rbguhw brz-css-vdmilg\" data-brz-custom-id=\"geEcCZK6ds4o\">\n<div class=\"brz-icon__container\" data-brz-custom-id=\"qd0QVnlEXQQX\"><span class=\"brz-icon brz-span brz-css-avo3sq brz-css-d2vq3b\"><svg class=\"brz-icon-svg align-[initial]\"><use href=\"\/wp-content\/plugins\/brizy\/public\/editor-build\/prod\/editor\/icons\/glyph\/wifi.svg#nc_icon\"><\/use><\/svg><\/span><\/div>\n<\/div>\n<div id=\"\" class=\"brz-css-ju9o8l brz-css-rtp9ky brz-wrapper\">\n<div class=\"brz-rich-text brz-rich-text__custom brz-css-dk05rz brz-css-1cy1ogm\" data-brz-custom-id=\"lUh6cgJW4OgL\">\n<div data-brz-translate-text=\"1\">\n<h4 class=\"brz-tp-lg-heading4 brz-css-hxXm_\" data-uniq-id=\"sxwTK\" data-generated-css=\"brz-css-rIQk4\"><span style=\"color: rgba(var(--brz-global-color3),1);\" class=\"brz-cp-color3 brz-capitalize-on\">En l\u00ednea<\/span><\/h4>\n<\/div>\n<\/div>\n<\/div>\n<div id=\"\" class=\"brz-css-ju9o8l brz-css-hz2i26 brz-wrapper\">\n<div class=\"brz-rich-text brz-rich-text__custom brz-css-dk05rz brz-css-6qzrhu\" data-brz-custom-id=\"uKZMrnuvcC4T\">\n<div data-brz-translate-text=\"1\">\n<p class=\"brz-tp-lg-paragraph brz-css-owIW4\" data-uniq-id=\"aS4Xf\" data-generated-css=\"brz-css-pKMgM\"><strong class=\"brz-cp-color3\">Martes<\/strong><\/p>\n<p class=\"brz-tp-lg-paragraph brz-css-n2fIO\" data-uniq-id=\"oJugX\" data-generated-css=\"brz-css-sS8XD\"><span class=\"brz-cp-color3\">11 am \u2013 12 pm<\/span><\/p>\n<\/div>\n<\/div>\n<\/div>\n<div id=\"\" class=\"brz-css-ju9o8l brz-css-18709in brz-wrapper\">\n<div class=\"brz-rich-text brz-rich-text__custom brz-css-dk05rz brz-css-1hxzgis\" data-brz-custom-id=\"s3ewkGWBxsFR\">\n<div data-brz-translate-text=\"1\">\n<p class=\"brz-tp-lg-paragraph brz-css-kIj08\" data-generated-css=\"brz-css-qS8nf\" data-uniq-id=\"o9MBC\"><strong class=\"brz-cp-color3\">Jueves<\/strong><\/p>\n<p class=\"brz-tp-lg-paragraph brz-css-gSOYI\" data-generated-css=\"brz-css-sH6cA\" data-uniq-id=\"dA9PL\"><span class=\"brz-cp-color3\">11 am \u2013 12 pm<\/span><\/p>\n<\/div>\n<\/div>\n<\/div>\n<div id=\"\" class=\"brz-css-ju9o8l brz-css-17lbqw0 brz-wrapper\">\n<div class=\"brz-rich-text brz-rich-text__custom brz-css-dk05rz brz-css-scd1dy\" data-brz-custom-id=\"xdzKEzV39N5i\">\n<div data-brz-translate-text=\"1\">\n<p class=\"brz-tp-lg-paragraph brz-css-j1LaE\" data-generated-css=\"brz-css-xdwTp\" data-uniq-id=\"wm0ph\"><span style=\"color: rgba(var(--brz-global-color3),1);\" class=\"brz-cp-color3\">Organizamos una sesi\u00f3n de orientaci\u00f3n semanal para los miembros de la Cooperativa de Conductores-CO todos los jueves a trav\u00e9s de Zoom. Asista a esta sesi\u00f3n para obtener m\u00e1s informaci\u00f3n sobre la cooperativa, los requisitos de membres\u00eda y m\u00e1s.<\/span><\/p>\n<\/div>\n<\/div>\n<\/div>\n<div class=\"brz-wrapper-clone brz-flex-xs-wrap brz-css-1rbguhw brz-css-15oxvmu\" data-brz-custom-id=\"aMhERo7jDc1L\"><a class=\"brz-a brz-btn brz-css-1l1p8qi brz-css-1iaf4db btn-primary brz-css-bwk87v brz-css-jlp3aj\" href=\"https:\/\/us06web.zoom.us\/meeting\/register\/jJvjW7Y8SH2S0MSmikVT7w#\/registration\" target=\"_blank\" rel=\"noopener noreferrer\" data-brz-link-type=\"external\" data-brz-custom-id=\"cvqZaKXqofdo\"><span data-brz-translate-text=\"1\" class=\"brz-span brz-text__editor\">REG\u00cdSTRATE AHORA<\/span><\/a><\/div>\n<\/div>\n<\/div>\n<\/div>\n<\/div>\n<\/div>\n<\/div>\n<\/section>\n<section id=\"aWLuKTBZQstW_aWLuKTBZQstW\" class=\"brz-section brz-css-v5rwil brz-css-1wo92vc\">\n<div class=\"brz-section__content brz-section--fullWidth brz-css-95wwxu brz-css-1o0sf0l\" data-brz-custom-id=\"tI0SMlCrTGNq\">\n<div class=\"brz-container brz-css-1kc8ygd brz-css-1qtpdm1\">\n<div id=\"\" class=\"brz-css-1long7f brz-css-xoi2no brz-wrapper\">\n<div class=\"brz-rich-text brz-rich-text__custom brz-css-1uszdaf brz-css-134m927\" data-brz-custom-id=\"n8eNFTo0HhFS\">\n<div data-brz-translate-text=\"1\">\n<h2 class=\"brz-tp-lg-heading2 brz-css-b8bvZ\" data-generated-css=\"brz-css-eztf0\" data-uniq-id=\"atYS6\"><span class=\"brz-cp-color3\" style=\"color: rgba(var(--brz-global-color3),1);\">Orientaciones en espa\u00f1ol<\/span><\/h2>\n<\/div>\n<\/div>\n<\/div>\n<div id=\"\" class=\"brz-css-1long7f brz-css-wsofar brz-css-1ysqigo brz-wrapper\">\n<div class=\"brz-spacer brz-css-1p57mgf brz-css-jn628a\"><\/div>\n<\/div>\n<div class=\"brz-row__container brz-css-t1uazs brz-css-5ie6gd\" data-brz-custom-id=\"rFxdSBlSiJRA\">\n<div class=\"brz-row brz-css-cbpm0q brz-css-109sb8x brz-css-7kkyvj\">\n<div class=\"brz-columns brz-css-nuv12m brz-css-13yzd14\" data-brz-custom-id=\"dHs8luEYMQAY\">\n<div class=\"brz-bg\">\n<div class=\"brz-bg-color\"><\/div>\n<\/div>\n<div class=\"brz-column__items brz-css-yzoc6c brz-css-9jfgbv\">\n<div class=\"brz-wrapper-clone brz-flex-xs-wrap brz-css-1inbdme brz-css-i34riw\" data-brz-custom-id=\"q4ND8hSCCCQe\">\n<div class=\"brz-icon__container\" data-brz-custom-id=\"fKPSYhkfayim\"><span class=\"brz-icon brz-span brz-css-1epde1i brz-css-1uuvxu6\"><svg class=\"brz-icon-svg align-[initial]\"><use href=\"\/wp-content\/plugins\/brizy\/public\/editor-build\/prod\/editor\/icons\/glyph\/b-location.svg#nc_icon\"><\/use><\/svg><\/span><\/div>\n<\/div>\n<div id=\"\" class=\"brz-css-1long7f brz-css-vmvk73 brz-wrapper\">\n<div class=\"brz-rich-text brz-rich-text__custom brz-css-1uszdaf brz-css-sd63om\" data-brz-custom-id=\"bIfjXuZV34Pw\">\n<div data-brz-translate-text=\"1\">\n<h4 class=\"brz-tp-lg-heading4 brz-css-vCTx7\" data-uniq-id=\"cW74B\" data-generated-css=\"brz-css-gVe7X\"><span class=\"brz-cp-color3\" style=\"color: rgba(var(--brz-global-color3),1);\">En persona \u2013 Espa\u00f1ol<\/span><\/h4>\n<\/div>\n<\/div>\n<\/div>\n<div class=\"brz-row__container brz-css-t1uazs brz-css-17nhitn\" data-brz-custom-id=\"ms7a4sHAp_kj\">\n<div class=\"brz-row brz-row--inner brz-css-cbpm0q brz-css-109sb8x brz-css-l1hkfw\">\n<div class=\"brz-columns brz-css-nuv12m brz-css-ltqnw6\" data-brz-custom-id=\"kpt9SuXSE5jK\">\n<div class=\"brz-column__items brz-css-yzoc6c brz-css-oxnqhu\">\n<div id=\"\" class=\"brz-css-1long7f brz-css-1cdpc3x brz-wrapper\">\n<div class=\"brz-rich-text brz-rich-text__custom brz-css-1uszdaf brz-css-13i4alk\" data-brz-custom-id=\"rjxpEkfgQnIc\">\n<div data-brz-translate-text=\"1\">\n<p class=\"brz-tp-lg-paragraph brz-css-g5TEr\" data-generated-css=\"brz-css-mDjlF\" data-uniq-id=\"heNuw\"><strong class=\"brz-cp-color3\">Mi\u00e9rcoles<\/strong><\/p>\n<p class=\"brz-tp-lg-paragraph brz-css-l0IY1\" data-generated-css=\"brz-css-zR8wv\" data-uniq-id=\"vz9Th\"><span style=\"color: rgba(var(--brz-global-color2),1);\" class=\"brz-cp-color2\">11:00 \u2013 12:00, 12:00 \u2013 13:00<\/span><\/p>\n<\/div>\n<\/div>\n<\/div>\n<\/div>\n<\/div>\n<\/div>\n<\/div>\n<div class=\"brz-wrapper-clone brz-flex-xs-wrap brz-css-1inbdme brz-css-t5dnt3\" data-brz-custom-id=\"wRD679rkM1lZ\"><a class=\"brz-a brz-btn brz-css-qkmsct brz-css-16ojux1 btn-primary brz-css-1gtcynu brz-css-1ut0pph\" href=\"https:\/\/form.jotform.com\/250572775635061\" target=\"_blank\" rel=\"noopener noreferrer\" data-brz-link-type=\"external\" data-brz-custom-id=\"qjs3mJByP_6V\"><span data-brz-translate-text=\"1\" class=\"brz-span brz-text__editor\">INSCRIBIRSE<\/span><\/a><\/div>\n<\/div>\n<\/div>\n<div class=\"brz-columns brz-css-nuv12m brz-css-nb38z0\" data-brz-custom-id=\"cVrcq_9ZfSMF\">\n<div class=\"brz-bg\">\n<div class=\"brz-bg-color\"><\/div>\n<\/div>\n<div class=\"brz-column__items brz-css-yzoc6c brz-css-1mtodxj\">\n<div class=\"brz-wrapper-clone brz-flex-xs-wrap brz-css-1inbdme brz-css-znsnqm\" data-brz-custom-id=\"ehc5wJsybdzo\">\n<div class=\"brz-icon__container\" data-brz-custom-id=\"f1psTBZZAl_z\"><span class=\"brz-icon brz-span brz-css-1epde1i brz-css-mtk3kr\"><svg class=\"brz-icon-svg align-[initial]\"><use href=\"\/wp-content\/plugins\/brizy\/public\/editor-build\/prod\/editor\/icons\/glyph\/wifi.svg#nc_icon\"><\/use><\/svg><\/span><\/div>\n<\/div>\n<div id=\"\" class=\"brz-css-1long7f brz-css-9ewbj8 brz-wrapper\">\n<div class=\"brz-rich-text brz-rich-text__custom brz-css-1uszdaf brz-css-1a2zuoj\" data-brz-custom-id=\"xWKyTU4Lt2h7\">\n<div data-brz-translate-text=\"1\">\n<h4 class=\"brz-tp-lg-heading4 brz-css-xPdJ3\" data-uniq-id=\"sxwTK\" data-generated-css=\"brz-css-rIQk4\"><span style=\"color: rgba(var(--brz-global-color3),1);\" class=\"brz-cp-color3 brz-capitalize-on\">En l\u00ednea<\/span><\/h4>\n<\/div>\n<\/div>\n<\/div>\n<div id=\"\" class=\"brz-css-1long7f brz-css-174g57i brz-wrapper\">\n<div class=\"brz-rich-text brz-rich-text__custom brz-css-1uszdaf brz-css-sg7jyu\" data-brz-custom-id=\"u1KU4AZcimq5\">\n<div data-brz-translate-text=\"1\">\n<p class=\"brz-tp-lg-paragraph brz-css-bmntT\" data-uniq-id=\"d8wJq\" data-generated-css=\"brz-css-jhlSd\"><strong class=\"brz-cp-color3\">Mi\u00e9rcoles<\/strong><\/p>\n<p class=\"brz-tp-lg-paragraph brz-css-cGqn7\" data-uniq-id=\"thpTa\" data-generated-css=\"brz-css-hg5a2\"><span class=\"brz-cp-color3\">13:00 \u2013 14:00 horas<\/span><\/p>\n<\/div>\n<\/div>\n<\/div>\n<div class=\"brz-wrapper-clone brz-flex-xs-wrap brz-css-1inbdme brz-css-hy73ir\" data-brz-custom-id=\"lNcbVe4C5oyj\"><a class=\"brz-a brz-btn brz-css-qkmsct brz-css-1lyq7ax btn-primary brz-css-1gtcynu brz-css-1kb6821\" href=\"https:\/\/us06web.zoom.us\/meeting\/register\/K04YU9sZT02ptPMkAQ4vgA#\/registration\" target=\"_blank\" rel=\"noopener noreferrer\" data-brz-link-type=\"external\" data-brz-custom-id=\"lyiqlFGTD1eG\"><span data-brz-translate-text=\"1\" class=\"brz-span brz-text__editor\">REG\u00cdSTRATE AHORA<\/span><\/a><\/div>\n<\/div>\n<\/div>\n<\/div>\n<\/div>\n<\/div>\n<\/div>\n<\/section><\/div>\n<p><!-- version:1762883836 --><\/p>","protected":false},"excerpt":{"rendered":"<p>Es obligatorio asistir a una sesi\u00f3n de orientaci\u00f3n virtual por Zoom o presencial. Esta sesi\u00f3n es crucial para comprender sus derechos, responsabilidades y obligaciones como miembro. Adem\u00e1s, descubrir\u00e1 las diversas oportunidades y beneficios que le esperan al unirse a la cooperativa.<\/p>","protected":false},"author":1,"featured_media":12652,"parent":8459,"menu_order":2,"comment_status":"closed","ping_status":"closed","template":"brizy-blank-template.php","meta":{"footnotes":"","_links_to":"","_links_to_target":""},"class_list":["post-2297","page","type-page","status-publish","has-post-thumbnail","hentry","entry"],"brizy_media":[{"id":764,"url":"https:\/\/www.coloradodrivers.coop\/wp-content\/uploads\/2024\/05\/PXL_20230830_194754641.jpg","name":"PXL_20230830_194754641.jpg","meta":{"brizy_attachment_uid":"wp-99f08f4b823b60ca4f441a3ad519a526.jpg","brizy_post_uid":["5b7f9dbcf0bbf49c1395e42beb2dde5d","9670a12e7a4f288af02e44546205d265","e031a588f89598c5e666e5795c9e309e","623e9a5a36673cee0b21710f76b1bcf7"]}},{"id":10269,"url":"https:\/\/www.coloradodrivers.coop\/wp-content\/uploads\/2025\/09\/IMG_8119-scaled.jpg","name":"IMG_8119.jpg","meta":{"brizy_attachment_uid":"wp-9a891c8dd323fd881f4e09fd0fc37d37.jpg","brizy_post_uid":["623e9a5a36673cee0b21710f76b1bcf7","4cdb9c319d6baa0542ee01399cefc30b","9670a12e7a4f288af02e44546205d265"]}}],"_links":{"self":[{"href":"https:\/\/www.coloradodrivers.coop\/es\/wp-json\/wp\/v2\/pages\/2297","targetHints":{"allow":["GET"]}}],"collection":[{"href":"https:\/\/www.coloradodrivers.coop\/es\/wp-json\/wp\/v2\/pages"}],"about":[{"href":"https:\/\/www.coloradodrivers.coop\/es\/wp-json\/wp\/v2\/types\/page"}],"author":[{"embeddable":true,"href":"https:\/\/www.coloradodrivers.coop\/es\/wp-json\/wp\/v2\/users\/1"}],"replies":[{"embeddable":true,"href":"https:\/\/www.coloradodrivers.coop\/es\/wp-json\/wp\/v2\/comments?post=2297"}],"version-history":[{"count":9,"href":"https:\/\/www.coloradodrivers.coop\/es\/wp-json\/wp\/v2\/pages\/2297\/revisions"}],"predecessor-version":[{"id":12654,"href":"https:\/\/www.coloradodrivers.coop\/es\/wp-json\/wp\/v2\/pages\/2297\/revisions\/12654"}],"up":[{"embeddable":true,"href":"https:\/\/www.coloradodrivers.coop\/es\/wp-json\/wp\/v2\/pages\/8459"}],"wp:featuredmedia":[{"embeddable":true,"href":"https:\/\/www.coloradodrivers.coop\/es\/wp-json\/wp\/v2\/media\/12652"}],"wp:attachment":[{"href":"https:\/\/www.coloradodrivers.coop\/es\/wp-json\/wp\/v2\/media?parent=2297"}],"curies":[{"name":"gracias","href":"https:\/\/api.w.org\/{rel}","templated":true}]}}